{"id":726,"date":"2023-05-31T03:22:13","date_gmt":"2023-05-31T03:22:13","guid":{"rendered":"https:\/\/dreibergehotel.ch\/allgemeine-bedingungen\/"},"modified":"2023-12-22T14:20:30","modified_gmt":"2023-12-22T14:20:30","slug":"allgemeine-bedingungen","status":"publish","type":"page","link":"https:\/\/dreibergehotel.ch\/de\/allgemeine-bedingungen\/","title":{"rendered":"Allgemeine Bedingungen"},"content":{"rendered":"\t\t<div data-elementor-type=\"wp-page\" data-elementor-id=\"726\" class=\"elementor elementor-726 elementor-518\" data-elementor-post-type=\"page\">\n\t\t\t\t\t\t\t\t\t<section class=\"elementor-section elementor-top-section elementor-element elementor-element-b9c6509 elementor-section-boxed elementor-section-height-default elementor-section-height-default\" data-id=\"b9c6509\" data-element_type=\"section\">\n\t\t\t\t\t\t<div class=\"elementor-container elementor-column-gap-default\">\n\t\t\t\t\t<div class=\"elementor-column elementor-col-100 elementor-top-column elementor-element elementor-element-ece8f6e\" data-id=\"ece8f6e\" data-element_type=\"column\">\n\t\t\t<div class=\"elementor-widget-wrap elementor-element-populated\">\n\t\t\t\t\t\t\t\t<div class=\"elementor-element elementor-element-b29215c elementor-widget elementor-widget-heading\" data-id=\"b29215c\" data-element_type=\"widget\" data-widget_type=\"heading.default\">\n\t\t\t\t<div class=\"elementor-widget-container\">\n\t\t\t<style>\/*! elementor - v3.17.0 - 25-10-2023 *\/\n.elementor-heading-title{padding:0;margin:0;line-height:1}.elementor-widget-heading .elementor-heading-title[class*=elementor-size-]>a{color:inherit;font-size:inherit;line-height:inherit}.elementor-widget-heading .elementor-heading-title.elementor-size-small{font-size:15px}.elementor-widget-heading .elementor-heading-title.elementor-size-medium{font-size:19px}.elementor-widget-heading .elementor-heading-title.elementor-size-large{font-size:29px}.elementor-widget-heading .elementor-heading-title.elementor-size-xl{font-size:39px}.elementor-widget-heading .elementor-heading-title.elementor-size-xxl{font-size:59px}<\/style><h1 class=\"elementor-heading-title elementor-size-default\">Allgemeine Bedingungen<\/h1>\t\t<\/div>\n\t\t\t\t<\/div>\n\t\t\t\t<div class=\"elementor-element elementor-element-01128eb elementor-widget-divider--view-line elementor-widget elementor-widget-divider\" data-id=\"01128eb\" data-element_type=\"widget\" data-widget_type=\"divider.default\">\n\t\t\t\t<div class=\"elementor-widget-container\">\n\t\t\t<style>\/*! elementor - v3.17.0 - 25-10-2023 *\/\n.elementor-widget-divider{--divider-border-style:none;--divider-border-width:1px;--divider-color:#0c0d0e;--divider-icon-size:20px;--divider-element-spacing:10px;--divider-pattern-height:24px;--divider-pattern-size:20px;--divider-pattern-url:none;--divider-pattern-repeat:repeat-x}.elementor-widget-divider .elementor-divider{display:flex}.elementor-widget-divider .elementor-divider__text{font-size:15px;line-height:1;max-width:95%}.elementor-widget-divider .elementor-divider__element{margin:0 var(--divider-element-spacing);flex-shrink:0}.elementor-widget-divider .elementor-icon{font-size:var(--divider-icon-size)}.elementor-widget-divider .elementor-divider-separator{display:flex;margin:0;direction:ltr}.elementor-widget-divider--view-line_icon .elementor-divider-separator,.elementor-widget-divider--view-line_text .elementor-divider-separator{align-items:center}.elementor-widget-divider--view-line_icon .elementor-divider-separator:after,.elementor-widget-divider--view-line_icon .elementor-divider-separator:before,.elementor-widget-divider--view-line_text .elementor-divider-separator:after,.elementor-widget-divider--view-line_text .elementor-divider-separator:before{display:block;content:\"\";border-bottom:0;flex-grow:1;border-top:var(--divider-border-width) var(--divider-border-style) var(--divider-color)}.elementor-widget-divider--element-align-left .elementor-divider .elementor-divider-separator>.elementor-divider__svg:first-of-type{flex-grow:0;flex-shrink:100}.elementor-widget-divider--element-align-left .elementor-divider-separator:before{content:none}.elementor-widget-divider--element-align-left .elementor-divider__element{margin-left:0}.elementor-widget-divider--element-align-right .elementor-divider .elementor-divider-separator>.elementor-divider__svg:last-of-type{flex-grow:0;flex-shrink:100}.elementor-widget-divider--element-align-right .elementor-divider-separator:after{content:none}.elementor-widget-divider--element-align-right .elementor-divider__element{margin-right:0}.elementor-widget-divider:not(.elementor-widget-divider--view-line_text):not(.elementor-widget-divider--view-line_icon) .elementor-divider-separator{border-top:var(--divider-border-width) var(--divider-border-style) var(--divider-color)}.elementor-widget-divider--separator-type-pattern{--divider-border-style:none}.elementor-widget-divider--separator-type-pattern.elementor-widget-divider--view-line .elementor-divider-separator,.elementor-widget-divider--separator-type-pattern:not(.elementor-widget-divider--view-line) .elementor-divider-separator:after,.elementor-widget-divider--separator-type-pattern:not(.elementor-widget-divider--view-line) .elementor-divider-separator:before,.elementor-widget-divider--separator-type-pattern:not([class*=elementor-widget-divider--view]) .elementor-divider-separator{width:100%;min-height:var(--divider-pattern-height);-webkit-mask-size:var(--divider-pattern-size) 100%;mask-size:var(--divider-pattern-size) 100%;-webkit-mask-repeat:var(--divider-pattern-repeat);mask-repeat:var(--divider-pattern-repeat);background-color:var(--divider-color);-webkit-mask-image:var(--divider-pattern-url);mask-image:var(--divider-pattern-url)}.elementor-widget-divider--no-spacing{--divider-pattern-size:auto}.elementor-widget-divider--bg-round{--divider-pattern-repeat:round}.rtl .elementor-widget-divider .elementor-divider__text{direction:rtl}.e-con-inner>.elementor-widget-divider,.e-con>.elementor-widget-divider{width:var(--container-widget-width,100%);--flex-grow:var(--container-widget-flex-grow)}<\/style>\t\t<div class=\"elementor-divider\">\n\t\t\t<span class=\"elementor-divider-separator\">\n\t\t\t\t\t\t<\/span>\n\t\t<\/div>\n\t\t\t\t<\/div>\n\t\t\t\t<\/div>\n\t\t\t\t\t<\/div>\n\t\t<\/div>\n\t\t\t\t\t\t\t<\/div>\n\t\t<\/section>\n\t\t\t\t<section class=\"elementor-section elementor-top-section elementor-element elementor-element-0114aa2 elementor-section-boxed elementor-section-height-default elementor-section-height-default\" data-id=\"0114aa2\" data-element_type=\"section\">\n\t\t\t\t\t\t<div class=\"elementor-container elementor-column-gap-default\">\n\t\t\t\t\t<div class=\"elementor-column elementor-col-100 elementor-top-column elementor-element elementor-element-1005e7b\" data-id=\"1005e7b\" data-element_type=\"column\">\n\t\t\t<div class=\"elementor-widget-wrap elementor-element-populated\">\n\t\t\t\t\t\t\t\t<div class=\"elementor-element elementor-element-2c73a6d elementor-widget elementor-widget-text-editor\" data-id=\"2c73a6d\" data-element_type=\"widget\" data-widget_type=\"text-editor.default\">\n\t\t\t\t<div class=\"elementor-widget-container\">\n\t\t\t<style>\/*! elementor - v3.17.0 - 25-10-2023 *\/\n.elementor-widget-text-editor.elementor-drop-cap-view-stacked .elementor-drop-cap{background-color:#69727d;color:#fff}.elementor-widget-text-editor.elementor-drop-cap-view-framed .elementor-drop-cap{color:#69727d;border:3px solid;background-color:transparent}.elementor-widget-text-editor:not(.elementor-drop-cap-view-default) .elementor-drop-cap{margin-top:8px}.elementor-widget-text-editor:not(.elementor-drop-cap-view-default) .elementor-drop-cap-letter{width:1em;height:1em}.elementor-widget-text-editor .elementor-drop-cap{float:left;text-align:center;line-height:1;font-size:50px}.elementor-widget-text-editor .elementor-drop-cap-letter{display:inline-block}<\/style>\t\t\t\t<p>Allgemeine Gesch\u00e4ftsbedingungen (AGB)<br \/>Die folgenden Allgemeinen Gesch\u00e4ftsbedingungen (AGB) gelten f\u00fcr Buchungen und Aufenthalte sowie f\u00fcr alle weiteren Leistungen und Lieferungen, die f\u00fcr den Kunden erbracht werden, wie zum Beispiel Restaurant- und Seminarleistungen im Hotel Drei Berge AG.<\/p>\n<\/p>\n<p>Vertragsparteien und Vertragsabschluss<\/p>\n<p>Vertragspartei ist das Hotel Drei Berge AG, Lus 1050A 3825 M\u00fcrren (nachfolgend &#8222;das Hotel&#8220;) und die Person (nachfolgend &#8222;der Kunde&#8220;), die ein Zimmer oder Leistungen im Hotel bucht. Das Hotel ist berechtigt, diese Allgemeinen Gesch\u00e4ftsbedingungen jederzeit und ohne Vorank\u00fcndigung zu \u00e4ndern, zu erg\u00e4nzen und\/oder anderweitig zu modifizieren. Die vorliegenden Allgemeinen Gesch\u00e4ftsbedingungen gelten f\u00fcr alle Rechtsbeziehungen zwischen dem Hotel und dem Kunden. Der Vertrag zwischen dem Hotel und dem Kunden kommt durch die Annahme einer Buchung in schriftlicher Form (einschlie\u00dflich E-Mail-Nachrichten), per Telefon oder \u00fcber eine elektronische oder pers\u00f6nliche Buchung und durch den Erhalt der Buchungsbest\u00e4tigung zustande. Mit der Buchung akzeptiert der Gast dies und stimmt zu, dass seine Buchung, falls sie vom Hotel angenommen wird, gem\u00e4\u00df den folgenden Bedingungen aufrechterhalten wird.<\/p>\n<\/p>\n<p>Leistungen und Preise<\/p>\n<p>Das Hotel h\u00e4lt das\/die vom Gast gebuchte(n) Zimmer bereit und erbringt die vereinbarten Leistungen. Es wird keine Garantie f\u00fcr die Verf\u00fcgbarkeit au\u00dferhalb der genannten Daten gegeben. Das Hotel ist au\u00dferdem berechtigt, seine Preise anzupassen, wenn der Kunde nachtr\u00e4glich \u00c4nderungen hinsichtlich der Anzahl der gebuchten Zimmer, der Hotelleistungen oder der Aufenthaltsdauer verlangt und das Hotel diese \u00c4nderungen akzeptieren sollte. Das Hotel kann nach eigenem Ermessen eine Buchung stornieren, wenn das Hotel der Ansicht ist, dass die angegebenen Buchungsdaten falsch oder unvollst\u00e4ndig sind. Alle Preise verstehen sich in Schweizer Franken (CHF) pro Zimmer und beinhalten die auf der Best\u00e4tigung angegebenen Leistungen sowie die auf der Website aufgef\u00fchrten Leistungen, einschlie\u00dflich der Mehrwertsteuer. Die lokale Touristensteuer und die Kurtaxe sind nicht im Preis inbegriffen und werden beim Auschecken auf die Rechnung des Gastes aufgeschlagen. Nur die in der Buchung angegebene Anzahl von G\u00e4sten (einschlie\u00dflich Kindern) darf das Zimmer und die anderen Einrichtungen f\u00fcr G\u00e4ste nutzen. F\u00fcr zus\u00e4tzliche Personen gelten die folgenden Preise inklusive Fr\u00fchst\u00fcck :  <br \/>  &#8211; Kinder bis maximal 2 Jahre: kostenlos.<br \/>  &#8211; Kinder bis 15.9 Jahre: zwischen 45.00 und 85.00 CHF (je nach Saison)<br \/>  &#8211; Kinder und Erwachsene ab 16 Jahren: zwischen 65.00 und 110.00 CHF (je nach Saison).<\/p>\n<p>Check-in und Check-out<\/p>\n<p>Die Zimmer am Anreisetag sind ab 14.00 Uhr bezugsfertig. Der Check-out erfolgt um 11.00 Uhr.<\/p>\n<\/p>\n<p>Verantwortung: Die Zimmer des Hotels m\u00fcssen mit gr\u00f6\u00dfter Sorgfalt genutzt und entsprechend behandelt werden. Der Kunde haftet f\u00fcr etwaige Sch\u00e4den, es sei denn, der Kunde beweist, dass der Schaden ohne sein Verschulden entstanden ist. Sch\u00e4den m\u00fcssen dem Hotel sofort gemeldet werden. Das Hotel haftet nicht f\u00fcr Verluste, Diebst\u00e4hle oder Sch\u00e4den an den pers\u00f6nlichen Gegenst\u00e4nden der G\u00e4ste, und das Hotel haftet nicht f\u00fcr Unf\u00e4lle, Verletzungen oder Sch\u00e4den, die w\u00e4hrend des Aufenthalts eintreten.<\/p>\n<\/p>\n<p>\u00c4nderungen und Stornierungen<\/p>\n<p>\u00c4nderungen oder Stornierungen m\u00fcssen schriftlich oder auf demselben Weg wie die Buchung erfolgen. F\u00fcr die Einhaltung der \u00c4nderungsfrist ist das Datum des Eingangs der Mitteilung bei unserem Hotel ma\u00dfgeblich. Eine Stornierung ist nur g\u00fcltig, wenn sie vom Hotel best\u00e4tigt wird. F\u00fcr jede Buchung muss eine g\u00fcltige Kreditkarte vorgelegt werden. Diese Kreditkarte kann bei Umbuchungen, Stornierungen oder Vorauszahlungen belastet werden. In der Regel gelten f\u00fcr Umbuchungen oder Stornierungen je nach gebuchtem Tarif folgende Bedingungen:<br \/>Nicht r\u00fcckerstattbare Buchungen und Fr\u00fchbucherpreise (Non-refundable rate) Nach Abschluss der Buchung sind keine Stornierungen oder \u00c4nderungen mehr m\u00f6glich. Der Gesamtpreis f\u00fcr den Aufenthalt ist am Ende der Buchung f\u00e4llig und wird in der Regel von der angegebenen Kreditkarte abgebucht. Bei einer No-Show, d. h. einem Nichterscheinen, gilt das Gleiche, eine R\u00fcckerstattung ist nicht m\u00f6glich.<br \/>Flexible Tarife Kostenlose \u00c4nderungen und Stornierungen sind bei flexiblen Tarifen bis zu einer bestimmten Frist vor dem Ankunftsdatum m\u00f6glich. Diese Frist wird dem Kunden bei einer Buchung oder Buchungsbest\u00e4tigung mitgeteilt und variiert je nach Saison.<br \/>Bei Stornierung oder \u00c4nderung der Buchung gelten folgende Bedingungen:<br \/>  &#8211; Bis zu 14 Tage vor der Ankunft: Kostenlos<br \/>  &#8211; Bei einer Stornierung innerhalb von 14 Tagen oder bei Nichtanreise: 100% des Gesamtpreises des Aufenthalts.<\/p>\n<\/p>\n<p>Haustiere<\/p>\n<p>Haustiere sind nur nach vorheriger Absprache und gegen Bezahlung erlaubt. Haustiere sind nur in bestimmten \u00f6ffentlichen Bereichen erlaubt und m\u00fcssen immer beaufsichtigt werden.<\/p>\n<\/p>\n<p>Nichtraucher-Hotel<\/p>\n<p>Das Rauchen ist in allen Zimmern und auf allen Balkonen sowie in allen \u00f6ffentlich zug\u00e4nglichen R\u00e4umen wie unserer Lobby und den Restaurants verboten. Wir bitten Sie, andere Kundinnen und Kunden zu respektieren. Die Nichteinhaltung des Rauchverbots in den Zimmern und auf den Balkonen kann f\u00fcr den Gastgeber zus\u00e4tzliche Kosten verursachen, da zus\u00e4tzliche Reinigungsarbeiten anfallen und das Zimmer nicht sofort weitervermietet werden kann.<\/p>\n<\/p>\n<div>Anwendbares Recht und zust\u00e4ndige Gerichtsbarkeit<br \/>Auf alle Vertr\u00e4ge, die mit der HOTEL DREI BERGE AG im Rahmen dieser Bedingungen abgeschlossen werden, ist ausschliesslich Schweizer Recht anwendbar. Der ausschlie\u00dfliche Gerichtsstand f\u00fcr Streitigkeiten ist Lauterbrunnen.<\/div>\n<div> <\/div>\n<div>Version: 22 DEZEMBER 2023  <\/div>\n<div>Hotel Drei Berge AG<\/div>\n<p>Lus 1050A<br \/>3825 M\u00fcrren<br \/>+41 (0) 33 855 14 01<\/p>\n\t\t\t\t\t\t<\/div>\n\t\t\t\t<\/div>\n\t\t\t\t\t<\/div>\n\t\t<\/div>\n\t\t\t\t\t\t\t<\/div>\n\t\t<\/section>\n\t\t\t\t\t\t\t<\/div>\n\t\t","protected":false},"excerpt":{"rendered":"<p>Allgemeine Bedingungen Allgemeine Gesch\u00e4ftsbedingungen (AGB)Die folgenden Allgemeinen Gesch\u00e4ftsbedingungen (AGB) gelten f\u00fcr Buchungen und Aufenthalte sowie f\u00fcr alle weiteren Leistungen und Lieferungen, die f\u00fcr den Kunden erbracht werden, wie zum Beispiel Restaurant- und Seminarleistungen im Hotel Drei Berge AG. Vertragsparteien und Vertragsabschluss Vertragspartei ist das Hotel Drei Berge AG, Lus 1050A 3825 M\u00fcrren (nachfolgend &#8222;das Hotel&#8220;) [&hellip;]<\/p>\n","protected":false},"author":1,"featured_media":0,"parent":0,"menu_order":0,"comment_status":"closed","ping_status":"closed","template":"","meta":{"_acf_changed":false,"footnotes":""},"acf":[],"_links":{"self":[{"href":"https:\/\/dreibergehotel.ch\/de\/wp-json\/wp\/v2\/pages\/726"}],"collection":[{"href":"https:\/\/dreibergehotel.ch\/de\/wp-json\/wp\/v2\/pages"}],"about":[{"href":"https:\/\/dreibergehotel.ch\/de\/wp-json\/wp\/v2\/types\/page"}],"author":[{"embeddable":true,"href":"https:\/\/dreibergehotel.ch\/de\/wp-json\/wp\/v2\/users\/1"}],"replies":[{"embeddable":true,"href":"https:\/\/dreibergehotel.ch\/de\/wp-json\/wp\/v2\/comments?post=726"}],"version-history":[{"count":11,"href":"https:\/\/dreibergehotel.ch\/de\/wp-json\/wp\/v2\/pages\/726\/revisions"}],"predecessor-version":[{"id":5281,"href":"https:\/\/dreibergehotel.ch\/de\/wp-json\/wp\/v2\/pages\/726\/revisions\/5281"}],"wp:attachment":[{"href":"https:\/\/dreibergehotel.ch\/de\/wp-json\/wp\/v2\/media?parent=726"}],"curies":[{"name":"wp","href":"https:\/\/api.w.org\/{rel}","templated":true}]}}