{"id":539,"date":"2023-05-19T17:39:27","date_gmt":"2023-05-19T17:39:27","guid":{"rendered":"https:\/\/dreibergehotel.ch\/home\/"},"modified":"2024-06-22T16:35:53","modified_gmt":"2024-06-22T16:35:53","slug":"home","status":"publish","type":"page","link":"https:\/\/dreibergehotel.ch\/de\/","title":{"rendered":"Home"},"content":{"rendered":"<style>\/*! elementor - v3.17.0 - 25-10-2023 *\/\n.elementor-widget-image{text-align:center}.elementor-widget-image a{display:inline-block}.elementor-widget-image a img[src$=\".svg\"]{width:48px}.elementor-widget-image img{vertical-align:middle;display:inline-block}<\/style>\n<p>\t\t\t\t\t\t\t\t\t\t\t\t<img decoding=\"async\" width=\"2560\" height=\"1707\" data-src=\"https:\/\/dreibergehotel.ch\/wp-content\/uploads\/2023\/08\/2023_08_HotelDreiBerge_YounesKlouche.00098-scaled.jpg\" alt=\"\" data-srcset=\"https:\/\/dreibergehotel.ch\/wp-content\/uploads\/2023\/08\/2023_08_HotelDreiBerge_YounesKlouche.00098-scaled.jpg 2560w, https:\/\/dreibergehotel.ch\/wp-content\/uploads\/2023\/08\/2023_08_HotelDreiBerge_YounesKlouche.00098-scaled-600x400.jpg 600w, https:\/\/dreibergehotel.ch\/wp-content\/uploads\/2023\/08\/2023_08_HotelDreiBerge_YounesKlouche.00098-300x200.jpg 300w, https:\/\/dreibergehotel.ch\/wp-content\/uploads\/2023\/08\/2023_08_HotelDreiBerge_YounesKlouche.00098-1024x683.jpg 1024w, https:\/\/dreibergehotel.ch\/wp-content\/uploads\/2023\/08\/2023_08_HotelDreiBerge_YounesKlouche.00098-768x512.jpg 768w, https:\/\/dreibergehotel.ch\/wp-content\/uploads\/2023\/08\/2023_08_HotelDreiBerge_YounesKlouche.00098-1536x1024.jpg 1536w, https:\/\/dreibergehotel.ch\/wp-content\/uploads\/2023\/08\/2023_08_HotelDreiBerge_YounesKlouche.00098-2048x1365.jpg 2048w\" data-sizes=\"(max-width: 2560px) 100vw, 2560px\" src=\"data:image\/svg+xml;base64,PHN2ZyB3aWR0aD0iMSIgaGVpZ2h0PSIxIiB4bWxucz0iaHR0cDovL3d3dy53My5vcmcvMjAwMC9zdmciPjwvc3ZnPg==\" class=\"lazyload\" style=\"--smush-placeholder-width: 2560px; --smush-placeholder-aspect-ratio: 2560\/1707;\" \/><br \/>\n\t\t\t<a href=\"https:\/\/www.secure-direct-hotel-booking.com\/module_booking_engine\/index.php?id_etab=7b92a28b63453113544082fcca818294&#038;langue=francais\" target=\"_blank\" rel=\"noopener\"><br \/>\n\t\t\t\t\t\tZimmer reservieren<br \/>\n\t\t\t\t\t<\/a><br \/>\n\t\t\t<a href=\"https:\/\/bookings.zenchef.com\/results?rid=361848&#038;pid=1001\" target=\"_blank\" rel=\"noopener\"><br \/>\n\t\t\t\t\t\tTisch reservieren<br \/>\n\t\t\t\t\t<\/a><\/p>\n<style>\/*! elementor - v3.17.0 - 25-10-2023 *\/\n.elementor-heading-title{padding:0;margin:0;line-height:1}.elementor-widget-heading .elementor-heading-title[class*=elementor-size-]>a{color:inherit;font-size:inherit;line-height:inherit}.elementor-widget-heading .elementor-heading-title.elementor-size-small{font-size:15px}.elementor-widget-heading .elementor-heading-title.elementor-size-medium{font-size:19px}.elementor-widget-heading .elementor-heading-title.elementor-size-large{font-size:29px}.elementor-widget-heading .elementor-heading-title.elementor-size-xl{font-size:39px}.elementor-widget-heading .elementor-heading-title.elementor-size-xxl{font-size:59px}<\/style>\n<h2><a href=\"https:\/\/dreibergehotel.ch\/de\/zimmer\/\">Zimmer<\/a><\/h2>\n<style>\/*! elementor - v3.17.0 - 25-10-2023 *\/\n.elementor-widget-divider{--divider-border-style:none;--divider-border-width:1px;--divider-color:#0c0d0e;--divider-icon-size:20px;--divider-element-spacing:10px;--divider-pattern-height:24px;--divider-pattern-size:20px;--divider-pattern-url:none;--divider-pattern-repeat:repeat-x}.elementor-widget-divider .elementor-divider{display:flex}.elementor-widget-divider .elementor-divider__text{font-size:15px;line-height:1;max-width:95%}.elementor-widget-divider .elementor-divider__element{margin:0 var(--divider-element-spacing);flex-shrink:0}.elementor-widget-divider .elementor-icon{font-size:var(--divider-icon-size)}.elementor-widget-divider .elementor-divider-separator{display:flex;margin:0;direction:ltr}.elementor-widget-divider--view-line_icon .elementor-divider-separator,.elementor-widget-divider--view-line_text .elementor-divider-separator{align-items:center}.elementor-widget-divider--view-line_icon .elementor-divider-separator:after,.elementor-widget-divider--view-line_icon .elementor-divider-separator:before,.elementor-widget-divider--view-line_text .elementor-divider-separator:after,.elementor-widget-divider--view-line_text .elementor-divider-separator:before{display:block;content:\"\";border-bottom:0;flex-grow:1;border-top:var(--divider-border-width) var(--divider-border-style) var(--divider-color)}.elementor-widget-divider--element-align-left .elementor-divider .elementor-divider-separator>.elementor-divider__svg:first-of-type{flex-grow:0;flex-shrink:100}.elementor-widget-divider--element-align-left .elementor-divider-separator:before{content:none}.elementor-widget-divider--element-align-left .elementor-divider__element{margin-left:0}.elementor-widget-divider--element-align-right .elementor-divider .elementor-divider-separator>.elementor-divider__svg:last-of-type{flex-grow:0;flex-shrink:100}.elementor-widget-divider--element-align-right .elementor-divider-separator:after{content:none}.elementor-widget-divider--element-align-right .elementor-divider__element{margin-right:0}.elementor-widget-divider:not(.elementor-widget-divider--view-line_text):not(.elementor-widget-divider--view-line_icon) .elementor-divider-separator{border-top:var(--divider-border-width) var(--divider-border-style) var(--divider-color)}.elementor-widget-divider--separator-type-pattern{--divider-border-style:none}.elementor-widget-divider--separator-type-pattern.elementor-widget-divider--view-line .elementor-divider-separator,.elementor-widget-divider--separator-type-pattern:not(.elementor-widget-divider--view-line) .elementor-divider-separator:after,.elementor-widget-divider--separator-type-pattern:not(.elementor-widget-divider--view-line) .elementor-divider-separator:before,.elementor-widget-divider--separator-type-pattern:not([class*=elementor-widget-divider--view]) .elementor-divider-separator{width:100%;min-height:var(--divider-pattern-height);-webkit-mask-size:var(--divider-pattern-size) 100%;mask-size:var(--divider-pattern-size) 100%;-webkit-mask-repeat:var(--divider-pattern-repeat);mask-repeat:var(--divider-pattern-repeat);background-color:var(--divider-color);-webkit-mask-image:var(--divider-pattern-url);mask-image:var(--divider-pattern-url)}.elementor-widget-divider--no-spacing{--divider-pattern-size:auto}.elementor-widget-divider--bg-round{--divider-pattern-repeat:round}.rtl .elementor-widget-divider .elementor-divider__text{direction:rtl}.e-con-inner>.elementor-widget-divider,.e-con>.elementor-widget-divider{width:var(--container-widget-width,100%);--flex-grow:var(--container-widget-flex-grow)}<\/style>\n<p>\t\t\t\t\t\t\t\t\t\t\t\t\t\t\t\t<a href=\"https:\/\/dreibergehotel.ch\/de\/zimmer\/\"><br \/>\n\t\t\t\t\t\t\t<img decoding=\"async\" width=\"768\" height=\"1024\" data-src=\"https:\/\/dreibergehotel.ch\/wp-content\/uploads\/2023\/08\/2023_08_HotelDreiBerge_YounesKlouche42175-768x1024.jpg\" alt=\"\" data-srcset=\"https:\/\/dreibergehotel.ch\/wp-content\/uploads\/2023\/08\/2023_08_HotelDreiBerge_YounesKlouche42175-768x1024.jpg 768w, https:\/\/dreibergehotel.ch\/wp-content\/uploads\/2023\/08\/2023_08_HotelDreiBerge_YounesKlouche42175-scaled-600x800.jpg 600w, https:\/\/dreibergehotel.ch\/wp-content\/uploads\/2023\/08\/2023_08_HotelDreiBerge_YounesKlouche42175-225x300.jpg 225w, https:\/\/dreibergehotel.ch\/wp-content\/uploads\/2023\/08\/2023_08_HotelDreiBerge_YounesKlouche42175-1152x1536.jpg 1152w, https:\/\/dreibergehotel.ch\/wp-content\/uploads\/2023\/08\/2023_08_HotelDreiBerge_YounesKlouche42175-1536x2048.jpg 1536w, https:\/\/dreibergehotel.ch\/wp-content\/uploads\/2023\/08\/2023_08_HotelDreiBerge_YounesKlouche42175-scaled.jpg 1920w\" data-sizes=\"(max-width: 768px) 100vw, 768px\" src=\"data:image\/svg+xml;base64,PHN2ZyB3aWR0aD0iMSIgaGVpZ2h0PSIxIiB4bWxucz0iaHR0cDovL3d3dy53My5vcmcvMjAwMC9zdmciPjwvc3ZnPg==\" class=\"lazyload\" style=\"--smush-placeholder-width: 768px; --smush-placeholder-aspect-ratio: 768\/1024;\" \/>\t\t\t\t\t\t\t\t<\/a><\/p>\n<h2><a href=\"https:\/\/dreibergehotel.ch\/de\/restaurant\/\">Restaurant<\/a><\/h2>\n<p>\t\t\t\t\t\t\t\t\t\t\t\t\t\t\t\t<a href=\"https:\/\/dreibergehotel.ch\/de\/restaurant\/\"><br \/>\n\t\t\t\t\t\t\t<img decoding=\"async\" width=\"768\" height=\"1024\" data-src=\"https:\/\/dreibergehotel.ch\/wp-content\/uploads\/2023\/08\/2023_08_HotelDreiBerge_YounesKlouche41905-768x1024.jpg\" alt=\"\" data-srcset=\"https:\/\/dreibergehotel.ch\/wp-content\/uploads\/2023\/08\/2023_08_HotelDreiBerge_YounesKlouche41905-768x1024.jpg 768w, https:\/\/dreibergehotel.ch\/wp-content\/uploads\/2023\/08\/2023_08_HotelDreiBerge_YounesKlouche41905-scaled-600x800.jpg 600w, https:\/\/dreibergehotel.ch\/wp-content\/uploads\/2023\/08\/2023_08_HotelDreiBerge_YounesKlouche41905-225x300.jpg 225w, https:\/\/dreibergehotel.ch\/wp-content\/uploads\/2023\/08\/2023_08_HotelDreiBerge_YounesKlouche41905-1152x1536.jpg 1152w, https:\/\/dreibergehotel.ch\/wp-content\/uploads\/2023\/08\/2023_08_HotelDreiBerge_YounesKlouche41905-1536x2048.jpg 1536w, https:\/\/dreibergehotel.ch\/wp-content\/uploads\/2023\/08\/2023_08_HotelDreiBerge_YounesKlouche41905-scaled.jpg 1920w\" data-sizes=\"(max-width: 768px) 100vw, 768px\" src=\"data:image\/svg+xml;base64,PHN2ZyB3aWR0aD0iMSIgaGVpZ2h0PSIxIiB4bWxucz0iaHR0cDovL3d3dy53My5vcmcvMjAwMC9zdmciPjwvc3ZnPg==\" class=\"lazyload\" style=\"--smush-placeholder-width: 768px; --smush-placeholder-aspect-ratio: 768\/1024;\" \/>\t\t\t\t\t\t\t\t<\/a><\/p>\n<h2><a href=\"https:\/\/dreibergehotel.ch\/shop\/\">SHOP \u2013 Drei Berge Hotel bei A Young Hiker<\/a><\/h2>\n<p>\t\t\t\t\t\t\t\t\t\t\t\t\t\t\t\t<a href=\"https:\/\/dreibergehotel.ch\/shop\/\"><br \/>\n\t\t\t\t\t\t\t<img decoding=\"async\" width=\"800\" height=\"264\" data-src=\"https:\/\/dreibergehotel.ch\/wp-content\/uploads\/2024\/01\/YOUNG_HIKER_LOGO_BLACK_WEB.png\" alt=\"\" data-srcset=\"https:\/\/dreibergehotel.ch\/wp-content\/uploads\/2024\/01\/YOUNG_HIKER_LOGO_BLACK_WEB.png 835w, https:\/\/dreibergehotel.ch\/wp-content\/uploads\/2024\/01\/YOUNG_HIKER_LOGO_BLACK_WEB-300x99.png 300w, https:\/\/dreibergehotel.ch\/wp-content\/uploads\/2024\/01\/YOUNG_HIKER_LOGO_BLACK_WEB-768x254.png 768w, https:\/\/dreibergehotel.ch\/wp-content\/uploads\/2024\/01\/YOUNG_HIKER_LOGO_BLACK_WEB-600x198.png 600w\" data-sizes=\"(max-width: 800px) 100vw, 800px\" src=\"data:image\/svg+xml;base64,PHN2ZyB3aWR0aD0iMSIgaGVpZ2h0PSIxIiB4bWxucz0iaHR0cDovL3d3dy53My5vcmcvMjAwMC9zdmciPjwvc3ZnPg==\" class=\"lazyload\" style=\"--smush-placeholder-width: 800px; --smush-placeholder-aspect-ratio: 800\/264;\" \/>\t\t\t\t\t\t\t\t<\/a><\/p>\n<h5>Finden Sie den Online-Shop Drei Berge Hotel bei A Young Hiker, dem Gesch\u00e4ft der neuen Generation von Outdoor-Marken.<\/h5>\n<p><a href=\"https:\/\/dreibergehotel.ch\/shop\/\">Auswahl ansehen<\/a><\/p>\n<h5> <\/h5>\n<h2><a href=\"https:\/\/dreibergehotel.ch\/de\/aktivitaeten\/\">Aktivit\u00e4ten<\/a><\/h2>\n<p>\t\t\t\t\t\t\t\t\t\t\t\t\t\t\t\t<a href=\"https:\/\/dreibergehotel.ch\/de\/aktivitaeten\/\"><br \/>\n\t\t\t\t\t\t\t<img decoding=\"async\" width=\"2482\" height=\"1755\" data-src=\"https:\/\/dreibergehotel.ch\/wp-content\/uploads\/2024\/01\/JUNGFRAU_V4-web.png\" alt=\"\" data-srcset=\"https:\/\/dreibergehotel.ch\/wp-content\/uploads\/2024\/01\/JUNGFRAU_V4-web.png 2482w, https:\/\/dreibergehotel.ch\/wp-content\/uploads\/2024\/01\/JUNGFRAU_V4-web-300x212.png 300w, https:\/\/dreibergehotel.ch\/wp-content\/uploads\/2024\/01\/JUNGFRAU_V4-web-1024x724.png 1024w, https:\/\/dreibergehotel.ch\/wp-content\/uploads\/2024\/01\/JUNGFRAU_V4-web-768x543.png 768w, https:\/\/dreibergehotel.ch\/wp-content\/uploads\/2024\/01\/JUNGFRAU_V4-web-1536x1086.png 1536w, https:\/\/dreibergehotel.ch\/wp-content\/uploads\/2024\/01\/JUNGFRAU_V4-web-2048x1448.png 2048w, https:\/\/dreibergehotel.ch\/wp-content\/uploads\/2024\/01\/JUNGFRAU_V4-web-600x424.png 600w\" data-sizes=\"(max-width: 2482px) 100vw, 2482px\" src=\"data:image\/svg+xml;base64,PHN2ZyB3aWR0aD0iMSIgaGVpZ2h0PSIxIiB4bWxucz0iaHR0cDovL3d3dy53My5vcmcvMjAwMC9zdmciPjwvc3ZnPg==\" class=\"lazyload\" style=\"--smush-placeholder-width: 2482px; --smush-placeholder-aspect-ratio: 2482\/1755;\" \/>\t\t\t\t\t\t\t\t<\/a><\/p>\n<h2>Geschenkgutschein<\/h2>\n<h5>Verschenken Sie einen Geschenkgutschein \u00fcber einen Wert Ihrer Wahl f\u00fcr das Drei Berge Hotel. Kontaktieren Sie uns per E-Mail oder wenden Sie sich an die Rezeption.<\/h5>\n<h5>contact@dreibergehotel.ch<br \/>T\u00e9l\u00e9phone +41 33 855 14 01<\/h5>\n<h2><a href=\"https:\/\/dreibergehotel.ch\/de\/ankunft-auto-service\/\">Ankunft<\/a><\/h2>\n<p>\t\t\t\t\t\t\t\t\t\t\t\t\t\t\t\t<a href=\"https:\/\/dreibergehotel.ch\/de\/ankunft-auto-service\/\"><br \/>\n\t\t\t\t\t\t\t<img decoding=\"async\" width=\"1920\" height=\"2560\" data-src=\"https:\/\/dreibergehotel.ch\/wp-content\/uploads\/2023\/08\/2023_08_HotelDreiBerge_YounesKlouche.00028-copie-scaled.jpg\" alt=\"\" data-srcset=\"https:\/\/dreibergehotel.ch\/wp-content\/uploads\/2023\/08\/2023_08_HotelDreiBerge_YounesKlouche.00028-copie-scaled.jpg 1920w, https:\/\/dreibergehotel.ch\/wp-content\/uploads\/2023\/08\/2023_08_HotelDreiBerge_YounesKlouche.00028-copie-scaled-600x800.jpg 600w, https:\/\/dreibergehotel.ch\/wp-content\/uploads\/2023\/08\/2023_08_HotelDreiBerge_YounesKlouche.00028-copie-225x300.jpg 225w, https:\/\/dreibergehotel.ch\/wp-content\/uploads\/2023\/08\/2023_08_HotelDreiBerge_YounesKlouche.00028-copie-768x1024.jpg 768w, https:\/\/dreibergehotel.ch\/wp-content\/uploads\/2023\/08\/2023_08_HotelDreiBerge_YounesKlouche.00028-copie-1152x1536.jpg 1152w, https:\/\/dreibergehotel.ch\/wp-content\/uploads\/2023\/08\/2023_08_HotelDreiBerge_YounesKlouche.00028-copie-1536x2048.jpg 1536w\" data-sizes=\"(max-width: 1920px) 100vw, 1920px\" src=\"data:image\/svg+xml;base64,PHN2ZyB3aWR0aD0iMSIgaGVpZ2h0PSIxIiB4bWxucz0iaHR0cDovL3d3dy53My5vcmcvMjAwMC9zdmciPjwvc3ZnPg==\" class=\"lazyload\" style=\"--smush-placeholder-width: 1920px; --smush-placeholder-aspect-ratio: 1920\/2560;\" \/>\t\t\t\t\t\t\t\t<\/a><\/p>\n","protected":false},"excerpt":{"rendered":"<p>Zimmer reservieren Tisch reservieren Zimmer Restaurant SHOP \u2013 Drei Berge Hotel bei A Young Hiker Finden Sie den Online-Shop Drei Berge Hotel bei A Young Hiker, dem Gesch\u00e4ft der neuen Generation von Outdoor-Marken. Auswahl ansehen Aktivit\u00e4ten Geschenkgutschein Verschenken Sie einen Geschenkgutschein \u00fcber einen Wert Ihrer Wahl f\u00fcr das Drei Berge Hotel. Kontaktieren Sie uns per [&hellip;]<\/p>\n","protected":false},"author":1,"featured_media":0,"parent":0,"menu_order":0,"comment_status":"closed","ping_status":"closed","template":"","meta":{"_acf_changed":false,"footnotes":""},"acf":[],"_links":{"self":[{"href":"https:\/\/dreibergehotel.ch\/de\/wp-json\/wp\/v2\/pages\/539"}],"collection":[{"href":"https:\/\/dreibergehotel.ch\/de\/wp-json\/wp\/v2\/pages"}],"about":[{"href":"https:\/\/dreibergehotel.ch\/de\/wp-json\/wp\/v2\/types\/page"}],"author":[{"embeddable":true,"href":"https:\/\/dreibergehotel.ch\/de\/wp-json\/wp\/v2\/users\/1"}],"replies":[{"embeddable":true,"href":"https:\/\/dreibergehotel.ch\/de\/wp-json\/wp\/v2\/comments?post=539"}],"version-history":[{"count":87,"href":"https:\/\/dreibergehotel.ch\/de\/wp-json\/wp\/v2\/pages\/539\/revisions"}],"predecessor-version":[{"id":6076,"href":"https:\/\/dreibergehotel.ch\/de\/wp-json\/wp\/v2\/pages\/539\/revisions\/6076"}],"wp:attachment":[{"href":"https:\/\/dreibergehotel.ch\/de\/wp-json\/wp\/v2\/media?parent=539"}],"curies":[{"name":"wp","href":"https:\/\/api.w.org\/{rel}","templated":true}]}}