{"id":526,"date":"2023-05-29T19:48:27","date_gmt":"2023-05-29T19:48:27","guid":{"rendered":"https:\/\/dreibergehotel.ch\/about\/"},"modified":"2025-07-17T14:42:31","modified_gmt":"2025-07-17T14:42:31","slug":"about","status":"publish","type":"page","link":"https:\/\/dreibergehotel.ch\/de\/about\/","title":{"rendered":"\u00dcber uns"},"content":{"rendered":"\t\t<div data-elementor-type=\"wp-page\" data-elementor-id=\"526\" class=\"elementor elementor-526 elementor-498\" data-elementor-post-type=\"page\">\n\t\t\t\t\t\t\t\t\t<section class=\"elementor-section elementor-top-section elementor-element elementor-element-2ff5d10 elementor-section-boxed elementor-section-height-default elementor-section-height-default\" data-id=\"2ff5d10\" data-element_type=\"section\">\n\t\t\t\t\t\t<div class=\"elementor-container elementor-column-gap-default\">\n\t\t\t\t\t<div class=\"elementor-column elementor-col-100 elementor-top-column elementor-element elementor-element-c005c92\" data-id=\"c005c92\" data-element_type=\"column\">\n\t\t\t<div class=\"elementor-widget-wrap elementor-element-populated\">\n\t\t\t\t\t\t\t\t<div class=\"elementor-element elementor-element-10834bb elementor-widget elementor-widget-heading\" data-id=\"10834bb\" data-element_type=\"widget\" data-widget_type=\"heading.default\">\n\t\t\t\t<div class=\"elementor-widget-container\">\n\t\t\t<style>\/*! elementor - v3.17.0 - 25-10-2023 *\/\n.elementor-heading-title{padding:0;margin:0;line-height:1}.elementor-widget-heading .elementor-heading-title[class*=elementor-size-]>a{color:inherit;font-size:inherit;line-height:inherit}.elementor-widget-heading .elementor-heading-title.elementor-size-small{font-size:15px}.elementor-widget-heading .elementor-heading-title.elementor-size-medium{font-size:19px}.elementor-widget-heading .elementor-heading-title.elementor-size-large{font-size:29px}.elementor-widget-heading .elementor-heading-title.elementor-size-xl{font-size:39px}.elementor-widget-heading .elementor-heading-title.elementor-size-xxl{font-size:59px}<\/style><h1 class=\"elementor-heading-title elementor-size-default\">\u00dcber uns<\/h1>\t\t<\/div>\n\t\t\t\t<\/div>\n\t\t\t\t<div class=\"elementor-element elementor-element-deb7ea4 elementor-widget-divider--view-line elementor-widget elementor-widget-divider\" data-id=\"deb7ea4\" data-element_type=\"widget\" data-widget_type=\"divider.default\">\n\t\t\t\t<div class=\"elementor-widget-container\">\n\t\t\t<style>\/*! elementor - v3.17.0 - 25-10-2023 *\/\n.elementor-widget-divider{--divider-border-style:none;--divider-border-width:1px;--divider-color:#0c0d0e;--divider-icon-size:20px;--divider-element-spacing:10px;--divider-pattern-height:24px;--divider-pattern-size:20px;--divider-pattern-url:none;--divider-pattern-repeat:repeat-x}.elementor-widget-divider .elementor-divider{display:flex}.elementor-widget-divider .elementor-divider__text{font-size:15px;line-height:1;max-width:95%}.elementor-widget-divider .elementor-divider__element{margin:0 var(--divider-element-spacing);flex-shrink:0}.elementor-widget-divider .elementor-icon{font-size:var(--divider-icon-size)}.elementor-widget-divider .elementor-divider-separator{display:flex;margin:0;direction:ltr}.elementor-widget-divider--view-line_icon .elementor-divider-separator,.elementor-widget-divider--view-line_text .elementor-divider-separator{align-items:center}.elementor-widget-divider--view-line_icon .elementor-divider-separator:after,.elementor-widget-divider--view-line_icon .elementor-divider-separator:before,.elementor-widget-divider--view-line_text .elementor-divider-separator:after,.elementor-widget-divider--view-line_text .elementor-divider-separator:before{display:block;content:\"\";border-bottom:0;flex-grow:1;border-top:var(--divider-border-width) var(--divider-border-style) var(--divider-color)}.elementor-widget-divider--element-align-left .elementor-divider .elementor-divider-separator>.elementor-divider__svg:first-of-type{flex-grow:0;flex-shrink:100}.elementor-widget-divider--element-align-left .elementor-divider-separator:before{content:none}.elementor-widget-divider--element-align-left .elementor-divider__element{margin-left:0}.elementor-widget-divider--element-align-right .elementor-divider .elementor-divider-separator>.elementor-divider__svg:last-of-type{flex-grow:0;flex-shrink:100}.elementor-widget-divider--element-align-right .elementor-divider-separator:after{content:none}.elementor-widget-divider--element-align-right .elementor-divider__element{margin-right:0}.elementor-widget-divider:not(.elementor-widget-divider--view-line_text):not(.elementor-widget-divider--view-line_icon) .elementor-divider-separator{border-top:var(--divider-border-width) var(--divider-border-style) var(--divider-color)}.elementor-widget-divider--separator-type-pattern{--divider-border-style:none}.elementor-widget-divider--separator-type-pattern.elementor-widget-divider--view-line .elementor-divider-separator,.elementor-widget-divider--separator-type-pattern:not(.elementor-widget-divider--view-line) .elementor-divider-separator:after,.elementor-widget-divider--separator-type-pattern:not(.elementor-widget-divider--view-line) .elementor-divider-separator:before,.elementor-widget-divider--separator-type-pattern:not([class*=elementor-widget-divider--view]) .elementor-divider-separator{width:100%;min-height:var(--divider-pattern-height);-webkit-mask-size:var(--divider-pattern-size) 100%;mask-size:var(--divider-pattern-size) 100%;-webkit-mask-repeat:var(--divider-pattern-repeat);mask-repeat:var(--divider-pattern-repeat);background-color:var(--divider-color);-webkit-mask-image:var(--divider-pattern-url);mask-image:var(--divider-pattern-url)}.elementor-widget-divider--no-spacing{--divider-pattern-size:auto}.elementor-widget-divider--bg-round{--divider-pattern-repeat:round}.rtl .elementor-widget-divider .elementor-divider__text{direction:rtl}.e-con-inner>.elementor-widget-divider,.e-con>.elementor-widget-divider{width:var(--container-widget-width,100%);--flex-grow:var(--container-widget-flex-grow)}<\/style>\t\t<div class=\"elementor-divider\">\n\t\t\t<span class=\"elementor-divider-separator\">\n\t\t\t\t\t\t<\/span>\n\t\t<\/div>\n\t\t\t\t<\/div>\n\t\t\t\t<\/div>\n\t\t\t\t\t<\/div>\n\t\t<\/div>\n\t\t\t\t\t\t\t<\/div>\n\t\t<\/section>\n\t\t\t\t<section class=\"elementor-section elementor-top-section elementor-element elementor-element-37e0c6d elementor-section-boxed elementor-section-height-default elementor-section-height-default\" data-id=\"37e0c6d\" data-element_type=\"section\">\n\t\t\t\t\t\t<div class=\"elementor-container elementor-column-gap-default\">\n\t\t\t\t\t<div class=\"elementor-column elementor-col-100 elementor-top-column elementor-element elementor-element-436a3d5\" data-id=\"436a3d5\" data-element_type=\"column\">\n\t\t\t<div class=\"elementor-widget-wrap elementor-element-populated\">\n\t\t\t\t\t\t\t\t<div class=\"elementor-element elementor-element-1dd0e90 elementor-widget elementor-widget-image\" data-id=\"1dd0e90\" data-element_type=\"widget\" data-widget_type=\"image.default\">\n\t\t\t\t<div class=\"elementor-widget-container\">\n\t\t\t<style>\/*! elementor - v3.17.0 - 25-10-2023 *\/\n.elementor-widget-image{text-align:center}.elementor-widget-image a{display:inline-block}.elementor-widget-image a img[src$=\".svg\"]{width:48px}.elementor-widget-image img{vertical-align:middle;display:inline-block}<\/style>\t\t\t\t\t\t\t\t\t\t\t\t<img decoding=\"async\" width=\"1300\" height=\"885\" data-src=\"https:\/\/dreibergehotel.ch\/wp-content\/uploads\/2023\/06\/home-hero.jpg\" class=\"attachment-full size-full wp-image-878 lazyload\" alt=\"\" data-srcset=\"https:\/\/dreibergehotel.ch\/wp-content\/uploads\/2023\/06\/home-hero.jpg 1300w, https:\/\/dreibergehotel.ch\/wp-content\/uploads\/2023\/06\/home-hero-600x408.jpg 600w, https:\/\/dreibergehotel.ch\/wp-content\/uploads\/2023\/06\/home-hero-300x204.jpg 300w, https:\/\/dreibergehotel.ch\/wp-content\/uploads\/2023\/06\/home-hero-1024x697.jpg 1024w, https:\/\/dreibergehotel.ch\/wp-content\/uploads\/2023\/06\/home-hero-768x523.jpg 768w\" data-sizes=\"(max-width: 1300px) 100vw, 1300px\" src=\"data:image\/svg+xml;base64,PHN2ZyB3aWR0aD0iMSIgaGVpZ2h0PSIxIiB4bWxucz0iaHR0cDovL3d3dy53My5vcmcvMjAwMC9zdmciPjwvc3ZnPg==\" style=\"--smush-placeholder-width: 1300px; --smush-placeholder-aspect-ratio: 1300\/885;\" \/>\t\t\t\t\t\t\t\t\t\t\t\t\t\t\t<\/div>\n\t\t\t\t<\/div>\n\t\t\t\t\t<\/div>\n\t\t<\/div>\n\t\t\t\t\t\t\t<\/div>\n\t\t<\/section>\n\t\t\t\t<section class=\"elementor-section elementor-top-section elementor-element elementor-element-00ab519 elementor-section-boxed elementor-section-height-default elementor-section-height-default\" data-id=\"00ab519\" data-element_type=\"section\">\n\t\t\t\t\t\t<div class=\"elementor-container elementor-column-gap-default\">\n\t\t\t\t\t<div class=\"elementor-column elementor-col-100 elementor-top-column elementor-element elementor-element-e4efb7f\" data-id=\"e4efb7f\" data-element_type=\"column\">\n\t\t\t<div class=\"elementor-widget-wrap elementor-element-populated\">\n\t\t\t\t\t\t\t\t<div class=\"elementor-element elementor-element-22f8a01 elementor-widget elementor-widget-text-editor\" data-id=\"22f8a01\" data-element_type=\"widget\" data-widget_type=\"text-editor.default\">\n\t\t\t\t<div class=\"elementor-widget-container\">\n\t\t\t<style>\/*! elementor - v3.17.0 - 25-10-2023 *\/\n.elementor-widget-text-editor.elementor-drop-cap-view-stacked .elementor-drop-cap{background-color:#69727d;color:#fff}.elementor-widget-text-editor.elementor-drop-cap-view-framed .elementor-drop-cap{color:#69727d;border:3px solid;background-color:transparent}.elementor-widget-text-editor:not(.elementor-drop-cap-view-default) .elementor-drop-cap{margin-top:8px}.elementor-widget-text-editor:not(.elementor-drop-cap-view-default) .elementor-drop-cap-letter{width:1em;height:1em}.elementor-widget-text-editor .elementor-drop-cap{float:left;text-align:center;line-height:1;font-size:50px}.elementor-widget-text-editor .elementor-drop-cap-letter{display:inline-block}<\/style>\t\t\t\t<p>Auf einem berg in 1638 Metern H\u00f6he in den Berner Oberl\u00e4nder Alpen liegt ein Dorf mit 400 Einwohnern. Ein Geheimnis, das seit Jahrzehnten von Abenteurern aus der ganzen Welt gesucht wird. Vor drei der vier h\u00f6chsten Berge der Schweiz, unzug\u00e4nglich mit dem Auto und nur mit dem Zug oder der Seilbahn zu erreichen. Hier liegt Murren, eines der meistfotografierten D\u00f6rfer der Welt.<\/p>\n\t\t\t\t\t\t<\/div>\n\t\t\t\t<\/div>\n\t\t\t\t\t<\/div>\n\t\t<\/div>\n\t\t\t\t\t\t\t<\/div>\n\t\t<\/section>\n\t\t\t\t<section class=\"elementor-section elementor-top-section elementor-element elementor-element-92b694a elementor-section-content-bottom elementor-section-boxed elementor-section-height-default elementor-section-height-default\" data-id=\"92b694a\" data-element_type=\"section\">\n\t\t\t\t\t\t<div class=\"elementor-container elementor-column-gap-default\">\n\t\t\t\t\t<div class=\"elementor-column elementor-col-50 elementor-top-column elementor-element elementor-element-5db7a79\" data-id=\"5db7a79\" data-element_type=\"column\">\n\t\t\t<div class=\"elementor-widget-wrap elementor-element-populated\">\n\t\t\t\t\t\t\t\t<div class=\"elementor-element elementor-element-f3b67ec elementor-widget elementor-widget-image\" data-id=\"f3b67ec\" data-element_type=\"widget\" data-widget_type=\"image.default\">\n\t\t\t\t<div class=\"elementor-widget-container\">\n\t\t\t\t\t\t\t\t\t\t\t\t\t\t\t<img decoding=\"async\" width=\"620\" height=\"778\" data-src=\"https:\/\/dreibergehotel.ch\/wp-content\/uploads\/2023\/05\/about-drei-berge-hotel-2.png\" class=\"attachment-full size-full wp-image-225 lazyload\" alt=\"\" data-srcset=\"https:\/\/dreibergehotel.ch\/wp-content\/uploads\/2023\/05\/about-drei-berge-hotel-2.png 620w, https:\/\/dreibergehotel.ch\/wp-content\/uploads\/2023\/05\/about-drei-berge-hotel-2-600x753.png 600w, https:\/\/dreibergehotel.ch\/wp-content\/uploads\/2023\/05\/about-drei-berge-hotel-2-239x300.png 239w\" data-sizes=\"(max-width: 620px) 100vw, 620px\" src=\"data:image\/svg+xml;base64,PHN2ZyB3aWR0aD0iMSIgaGVpZ2h0PSIxIiB4bWxucz0iaHR0cDovL3d3dy53My5vcmcvMjAwMC9zdmciPjwvc3ZnPg==\" style=\"--smush-placeholder-width: 620px; --smush-placeholder-aspect-ratio: 620\/778;\" \/>\t\t\t\t\t\t\t\t\t\t\t\t\t\t\t<\/div>\n\t\t\t\t<\/div>\n\t\t\t\t\t<\/div>\n\t\t<\/div>\n\t\t\t\t<div class=\"elementor-column elementor-col-50 elementor-top-column elementor-element elementor-element-2d04334\" data-id=\"2d04334\" data-element_type=\"column\">\n\t\t\t<div class=\"elementor-widget-wrap elementor-element-populated\">\n\t\t\t\t\t\t\t\t<div class=\"elementor-element elementor-element-c2ea1dd elementor-widget elementor-widget-text-editor\" data-id=\"c2ea1dd\" data-element_type=\"widget\" data-widget_type=\"text-editor.default\">\n\t\t\t\t<div class=\"elementor-widget-container\">\n\t\t\t\t\t\t\t<p>Im Jahr 1911 entdeckte der britische Schriftsteller J.R.R. Tolkien diese Postkartenlandschaft, die zur Hauptinspiration f\u00fcr sein literarisches Meisterwerk &#8222;Der Herr der Ringe&#8220; wurde. Von den ikonischen Szenen im James-Bond-Film &#8222;Im Geheimdienst Ihrer Majest\u00e4t&#8220; im Panoramarestaurant Piz Gloria, das einen 360-Grad-Blick auf mehr als 200 Alpengipfel bietet, bis hin zum dramtatischen Tod von Sherlock Holmes in den Reichenbachf\u00e4llen, haben das Lauterbrunnental und seine Umgebung Reisende und K\u00fcnstler seit Jahrzehnten fasziniert.<\/p>\n\t\t\t\t\t\t<\/div>\n\t\t\t\t<\/div>\n\t\t\t\t\t<\/div>\n\t\t<\/div>\n\t\t\t\t\t\t\t<\/div>\n\t\t<\/section>\n\t\t\t\t<section class=\"elementor-section elementor-top-section elementor-element elementor-element-738890f elementor-section-boxed elementor-section-height-default elementor-section-height-default\" data-id=\"738890f\" data-element_type=\"section\">\n\t\t\t\t\t\t<div class=\"elementor-container elementor-column-gap-default\">\n\t\t\t\t\t<div class=\"elementor-column elementor-col-100 elementor-top-column elementor-element elementor-element-2e42e79\" data-id=\"2e42e79\" data-element_type=\"column\">\n\t\t\t<div class=\"elementor-widget-wrap elementor-element-populated\">\n\t\t\t\t\t\t\t\t<div class=\"elementor-element elementor-element-fec5894 elementor-widget elementor-widget-image\" data-id=\"fec5894\" data-element_type=\"widget\" data-widget_type=\"image.default\">\n\t\t\t\t<div class=\"elementor-widget-container\">\n\t\t\t\t\t\t\t\t\t\t\t\t\t\t\t<img decoding=\"async\" width=\"2560\" height=\"1920\" data-src=\"https:\/\/dreibergehotel.ch\/wp-content\/uploads\/2023\/08\/2023_08_HotelDreiBerge_YounesKlouche42067-scaled.jpg\" class=\"attachment-full size-full wp-image-4167 lazyload\" alt=\"\" data-srcset=\"https:\/\/dreibergehotel.ch\/wp-content\/uploads\/2023\/08\/2023_08_HotelDreiBerge_YounesKlouche42067-scaled.jpg 2560w, https:\/\/dreibergehotel.ch\/wp-content\/uploads\/2023\/08\/2023_08_HotelDreiBerge_YounesKlouche42067-scaled-600x450.jpg 600w, https:\/\/dreibergehotel.ch\/wp-content\/uploads\/2023\/08\/2023_08_HotelDreiBerge_YounesKlouche42067-300x225.jpg 300w, https:\/\/dreibergehotel.ch\/wp-content\/uploads\/2023\/08\/2023_08_HotelDreiBerge_YounesKlouche42067-1024x768.jpg 1024w, https:\/\/dreibergehotel.ch\/wp-content\/uploads\/2023\/08\/2023_08_HotelDreiBerge_YounesKlouche42067-768x576.jpg 768w, https:\/\/dreibergehotel.ch\/wp-content\/uploads\/2023\/08\/2023_08_HotelDreiBerge_YounesKlouche42067-1536x1152.jpg 1536w, https:\/\/dreibergehotel.ch\/wp-content\/uploads\/2023\/08\/2023_08_HotelDreiBerge_YounesKlouche42067-2048x1536.jpg 2048w\" data-sizes=\"(max-width: 2560px) 100vw, 2560px\" src=\"data:image\/svg+xml;base64,PHN2ZyB3aWR0aD0iMSIgaGVpZ2h0PSIxIiB4bWxucz0iaHR0cDovL3d3dy53My5vcmcvMjAwMC9zdmciPjwvc3ZnPg==\" style=\"--smush-placeholder-width: 2560px; --smush-placeholder-aspect-ratio: 2560\/1920;\" \/>\t\t\t\t\t\t\t\t\t\t\t\t\t\t\t<\/div>\n\t\t\t\t<\/div>\n\t\t\t\t\t<\/div>\n\t\t<\/div>\n\t\t\t\t\t\t\t<\/div>\n\t\t<\/section>\n\t\t\t\t<section class=\"elementor-section elementor-top-section elementor-element elementor-element-ae4ab17 hoverimglinks elementor-section-boxed elementor-section-height-default elementor-section-height-default\" data-id=\"ae4ab17\" data-element_type=\"section\">\n\t\t\t\t\t\t<div class=\"elementor-container elementor-column-gap-default\">\n\t\t\t\t\t<div class=\"elementor-column elementor-col-50 elementor-top-column elementor-element elementor-element-950c960\" data-id=\"950c960\" data-element_type=\"column\">\n\t\t\t<div class=\"elementor-widget-wrap elementor-element-populated\">\n\t\t\t\t\t\t\t\t<div class=\"elementor-element elementor-element-e48770b elementor-widget elementor-widget-text-editor\" data-id=\"e48770b\" data-element_type=\"widget\" data-widget_type=\"text-editor.default\">\n\t\t\t\t<div class=\"elementor-widget-container\">\n\t\t\t\t\t\t\t<p>Das hotel drei berge ist nach den drei bergen benannt, die die g\u00e4ste von ihren fenstern aus sehen k\u00f6nnen: eiger, jungfrau und m\u00f6nch. Der unhold eiger, der sich an der jungfrau vergreifen wollte, daran aber vom fr\u00f6hlichen m\u00f6nch gehinert wurde. Hotel drei berge haucht dem hotel bellevue, das seit 1907 in murren ans\u00e4ssig ist, neues leben ein. Hotel drei berge haucht dem hotel bellevue, das seit 1907 in murren ans\u00e4ssig ist, neues leben ein.<\/p>\n\t\t\t\t\t\t<\/div>\n\t\t\t\t<\/div>\n\t\t\t\t\t<\/div>\n\t\t<\/div>\n\t\t\t\t<div class=\"elementor-column elementor-col-50 elementor-top-column elementor-element elementor-element-455d7f8\" data-id=\"455d7f8\" data-element_type=\"column\">\n\t\t\t<div class=\"elementor-widget-wrap elementor-element-populated\">\n\t\t\t\t\t\t\t\t<div class=\"elementor-element elementor-element-c8c344c elementor-widget elementor-widget-text-editor\" data-id=\"c8c344c\" data-element_type=\"widget\" data-widget_type=\"text-editor.default\">\n\t\t\t\t<div class=\"elementor-widget-container\">\n\t\t\t\t\t\t\t<p>Von den ikonischen Szenen im James-Bond-Film &#8222;Im Geheimdienst Ihrer Majest\u00e4t&#8220; im Panoramarestaurant Piz Gloria, das einen 360-Grad-Blick auf mehr als 200 Alpengipfel bietet, bis hin zum dramtatischen Tod von Sherlock Holmes in den Reichenbachf\u00e4llen, haben das Lauterbrunnental und seine Umgebung Reisende und K\u00fcnstler seit Jahrzehnten fasziniert.<\/p>\n\t\t\t\t\t\t<\/div>\n\t\t\t\t<\/div>\n\t\t\t\t\t<\/div>\n\t\t<\/div>\n\t\t\t\t\t\t\t<\/div>\n\t\t<\/section>\n\t\t\t\t<section class=\"elementor-section elementor-top-section elementor-element elementor-element-e8d17eb elementor-section-content-bottom elementor-section-boxed elementor-section-height-default elementor-section-height-default\" data-id=\"e8d17eb\" data-element_type=\"section\">\n\t\t\t\t\t\t<div class=\"elementor-container elementor-column-gap-default\">\n\t\t\t\t\t<div class=\"elementor-column elementor-col-50 elementor-top-column elementor-element elementor-element-4addb0f\" data-id=\"4addb0f\" data-element_type=\"column\">\n\t\t\t<div class=\"elementor-widget-wrap elementor-element-populated\">\n\t\t\t\t\t\t\t\t<div class=\"elementor-element elementor-element-0b74f55 elementor-widget elementor-widget-image\" data-id=\"0b74f55\" data-element_type=\"widget\" data-widget_type=\"image.default\">\n\t\t\t\t<div class=\"elementor-widget-container\">\n\t\t\t\t\t\t\t\t\t\t\t\t\t\t\t<img decoding=\"async\" width=\"1920\" height=\"2560\" data-src=\"https:\/\/dreibergehotel.ch\/wp-content\/uploads\/2023\/08\/2023_08_HotelDreiBerge_YounesKlouche41942-scaled.jpg\" class=\"attachment-full size-full wp-image-4177 lazyload\" alt=\"\" data-srcset=\"https:\/\/dreibergehotel.ch\/wp-content\/uploads\/2023\/08\/2023_08_HotelDreiBerge_YounesKlouche41942-scaled.jpg 1920w, https:\/\/dreibergehotel.ch\/wp-content\/uploads\/2023\/08\/2023_08_HotelDreiBerge_YounesKlouche41942-scaled-600x800.jpg 600w, https:\/\/dreibergehotel.ch\/wp-content\/uploads\/2023\/08\/2023_08_HotelDreiBerge_YounesKlouche41942-225x300.jpg 225w, https:\/\/dreibergehotel.ch\/wp-content\/uploads\/2023\/08\/2023_08_HotelDreiBerge_YounesKlouche41942-768x1024.jpg 768w, https:\/\/dreibergehotel.ch\/wp-content\/uploads\/2023\/08\/2023_08_HotelDreiBerge_YounesKlouche41942-1152x1536.jpg 1152w, https:\/\/dreibergehotel.ch\/wp-content\/uploads\/2023\/08\/2023_08_HotelDreiBerge_YounesKlouche41942-1536x2048.jpg 1536w\" data-sizes=\"(max-width: 1920px) 100vw, 1920px\" src=\"data:image\/svg+xml;base64,PHN2ZyB3aWR0aD0iMSIgaGVpZ2h0PSIxIiB4bWxucz0iaHR0cDovL3d3dy53My5vcmcvMjAwMC9zdmciPjwvc3ZnPg==\" style=\"--smush-placeholder-width: 1920px; --smush-placeholder-aspect-ratio: 1920\/2560;\" \/>\t\t\t\t\t\t\t\t\t\t\t\t\t\t\t<\/div>\n\t\t\t\t<\/div>\n\t\t\t\t\t<\/div>\n\t\t<\/div>\n\t\t\t\t<div class=\"elementor-column elementor-col-50 elementor-top-column elementor-element elementor-element-d656512\" data-id=\"d656512\" data-element_type=\"column\">\n\t\t\t<div class=\"elementor-widget-wrap elementor-element-populated\">\n\t\t\t\t\t\t\t\t<div class=\"elementor-element elementor-element-a9a11f9 elementor-widget elementor-widget-text-editor\" data-id=\"a9a11f9\" data-element_type=\"widget\" data-widget_type=\"text-editor.default\">\n\t\t\t\t<div class=\"elementor-widget-container\">\n\t\t\t\t\t\t\t<p>Die Umgestaltung des Hotels erstreckt sich auch auf das Restaurant: Zum traditionellen Schweizer Fr\u00fchst\u00fcck, Mittag- und Abendessen wird den Bewohnern eine gesunde K\u00fcche mit frischen und saisonalen Produkten angeboten. Deren Men\u00fcs wurden von einem handverlesenen Team entwickelt, zu dem auch ein japanischer K\u00fcchenchef und ein erfahrener \u00d6nologe geh\u00f6ren.<\/p>\n\t\t\t\t\t\t<\/div>\n\t\t\t\t<\/div>\n\t\t\t\t\t<\/div>\n\t\t<\/div>\n\t\t\t\t\t\t\t<\/div>\n\t\t<\/section>\n\t\t\t\t<section class=\"elementor-section elementor-top-section elementor-element elementor-element-b61fc35 elementor-section-boxed elementor-section-height-default elementor-section-height-default\" data-id=\"b61fc35\" data-element_type=\"section\">\n\t\t\t\t\t\t<div class=\"elementor-container elementor-column-gap-default\">\n\t\t\t\t\t<div class=\"elementor-column elementor-col-100 elementor-top-column elementor-element elementor-element-c82d360\" data-id=\"c82d360\" data-element_type=\"column\">\n\t\t\t<div class=\"elementor-widget-wrap elementor-element-populated\">\n\t\t\t\t\t\t\t\t<div class=\"elementor-element elementor-element-af1797a elementor-widget elementor-widget-image\" data-id=\"af1797a\" data-element_type=\"widget\" data-widget_type=\"image.default\">\n\t\t\t\t<div class=\"elementor-widget-container\">\n\t\t\t\t\t\t\t\t\t\t\t\t\t\t\t<img decoding=\"async\" width=\"1035\" height=\"1200\" data-src=\"https:\/\/dreibergehotel.ch\/wp-content\/uploads\/2023\/06\/09A7167_2-scaled.jpg\" class=\"attachment-full size-full wp-image-1761 lazyload\" alt=\"\" data-srcset=\"https:\/\/dreibergehotel.ch\/wp-content\/uploads\/2023\/06\/09A7167_2-scaled.jpg 1035w, https:\/\/dreibergehotel.ch\/wp-content\/uploads\/2023\/06\/09A7167_2-scaled-600x696.jpg 600w\" data-sizes=\"(max-width: 1035px) 100vw, 1035px\" src=\"data:image\/svg+xml;base64,PHN2ZyB3aWR0aD0iMSIgaGVpZ2h0PSIxIiB4bWxucz0iaHR0cDovL3d3dy53My5vcmcvMjAwMC9zdmciPjwvc3ZnPg==\" style=\"--smush-placeholder-width: 1035px; --smush-placeholder-aspect-ratio: 1035\/1200;\" \/>\t\t\t\t\t\t\t\t\t\t\t\t\t\t\t<\/div>\n\t\t\t\t<\/div>\n\t\t\t\t\t<\/div>\n\t\t<\/div>\n\t\t\t\t\t\t\t<\/div>\n\t\t<\/section>\n\t\t\t\t<section class=\"elementor-section elementor-top-section elementor-element elementor-element-a38d5ef hoverimglinks elementor-section-boxed elementor-section-height-default elementor-section-height-default\" data-id=\"a38d5ef\" data-element_type=\"section\">\n\t\t\t\t\t\t<div class=\"elementor-container elementor-column-gap-default\">\n\t\t\t\t\t<div class=\"elementor-column elementor-col-50 elementor-top-column elementor-element elementor-element-559e133\" data-id=\"559e133\" data-element_type=\"column\">\n\t\t\t<div class=\"elementor-widget-wrap elementor-element-populated\">\n\t\t\t\t\t\t\t\t<div class=\"elementor-element elementor-element-f869de1 elementor-widget elementor-widget-text-editor\" data-id=\"f869de1\" data-element_type=\"widget\" data-widget_type=\"text-editor.default\">\n\t\t\t\t<div class=\"elementor-widget-container\">\n\t\t\t\t\t\t\t<p>Die Drei Berge bieten auch eine Vielzahl von Sport- und Freizeitaktivit\u00e4ten, wie z.B. der Jahreszeit und dem Niveau der G\u00e4ste angepasste Wanderwege, ein Kino mit einem vielseitigen Programm, Camping unter dem Sternenhimmel, Yoga vor der Kulisse des Alpenpanoramas, Unterricht im Tennisclub, Gleitschirmfliegen, eine Sauna und ein Schwimmbad.<\/p>\n\t\t\t\t\t\t<\/div>\n\t\t\t\t<\/div>\n\t\t\t\t\t<\/div>\n\t\t<\/div>\n\t\t\t\t<div class=\"elementor-column elementor-col-50 elementor-top-column elementor-element elementor-element-87df6a5\" data-id=\"87df6a5\" data-element_type=\"column\">\n\t\t\t<div class=\"elementor-widget-wrap elementor-element-populated\">\n\t\t\t\t\t\t\t\t<div class=\"elementor-element elementor-element-ff2d930 elementor-widget elementor-widget-text-editor\" data-id=\"ff2d930\" data-element_type=\"widget\" data-widget_type=\"text-editor.default\">\n\t\t\t\t<div class=\"elementor-widget-container\">\n\t\t\t\t\t\t\t<p>Willkommen im Hotel Drei Berge, das seine T\u00fcren f\u00fcr ein zeitloses Intermezzo im Dorf Murren \u00f6ffnet.<\/p>\n\t\t\t\t\t\t<\/div>\n\t\t\t\t<\/div>\n\t\t\t\t\t<\/div>\n\t\t<\/div>\n\t\t\t\t\t\t\t<\/div>\n\t\t<\/section>\n\t\t\t\t\t\t\t<\/div>\n\t\t","protected":false},"excerpt":{"rendered":"<p>\u00dcber uns Auf einem berg in 1638 Metern H\u00f6he in den Berner Oberl\u00e4nder Alpen liegt ein Dorf mit 400 Einwohnern. Ein Geheimnis, das seit Jahrzehnten von Abenteurern aus der ganzen Welt gesucht wird. Vor drei der vier h\u00f6chsten Berge der Schweiz, unzug\u00e4nglich mit dem Auto und nur mit dem Zug oder der Seilbahn zu erreichen. [&hellip;]<\/p>\n","protected":false},"author":1,"featured_media":0,"parent":0,"menu_order":0,"comment_status":"closed","ping_status":"closed","template":"","meta":{"_acf_changed":false,"footnotes":""},"acf":[],"_links":{"self":[{"href":"https:\/\/dreibergehotel.ch\/de\/wp-json\/wp\/v2\/pages\/526"}],"collection":[{"href":"https:\/\/dreibergehotel.ch\/de\/wp-json\/wp\/v2\/pages"}],"about":[{"href":"https:\/\/dreibergehotel.ch\/de\/wp-json\/wp\/v2\/types\/page"}],"author":[{"embeddable":true,"href":"https:\/\/dreibergehotel.ch\/de\/wp-json\/wp\/v2\/users\/1"}],"replies":[{"embeddable":true,"href":"https:\/\/dreibergehotel.ch\/de\/wp-json\/wp\/v2\/comments?post=526"}],"version-history":[{"count":25,"href":"https:\/\/dreibergehotel.ch\/de\/wp-json\/wp\/v2\/pages\/526\/revisions"}],"predecessor-version":[{"id":6163,"href":"https:\/\/dreibergehotel.ch\/de\/wp-json\/wp\/v2\/pages\/526\/revisions\/6163"}],"wp:attachment":[{"href":"https:\/\/dreibergehotel.ch\/de\/wp-json\/wp\/v2\/media?parent=526"}],"curies":[{"name":"wp","href":"https:\/\/api.w.org\/{rel}","templated":true}]}}