{"id":1669,"date":"2023-06-09T15:56:30","date_gmt":"2023-06-09T15:56:30","guid":{"rendered":"https:\/\/dreibergehotel.ch\/datenschutzrichtlinie\/"},"modified":"2023-11-03T15:03:07","modified_gmt":"2023-11-03T15:03:07","slug":"datenschutzrichtlinie","status":"publish","type":"page","link":"https:\/\/dreibergehotel.ch\/de\/datenschutzrichtlinie\/","title":{"rendered":"Datenschutzrichtlinie"},"content":{"rendered":"\t\t<div data-elementor-type=\"wp-page\" data-elementor-id=\"1669\" class=\"elementor elementor-1669 elementor-1658\" data-elementor-post-type=\"page\">\n\t\t\t\t\t\t\t\t\t<section class=\"elementor-section elementor-top-section elementor-element elementor-element-a2013c7 elementor-section-boxed elementor-section-height-default elementor-section-height-default\" data-id=\"a2013c7\" data-element_type=\"section\">\n\t\t\t\t\t\t<div class=\"elementor-container elementor-column-gap-default\">\n\t\t\t\t\t<div class=\"elementor-column elementor-col-100 elementor-top-column elementor-element elementor-element-7d6a83a\" data-id=\"7d6a83a\" data-element_type=\"column\">\n\t\t\t<div class=\"elementor-widget-wrap elementor-element-populated\">\n\t\t\t\t\t\t\t\t<div class=\"elementor-element elementor-element-73e77f5 elementor-widget elementor-widget-heading\" data-id=\"73e77f5\" data-element_type=\"widget\" data-widget_type=\"heading.default\">\n\t\t\t\t<div class=\"elementor-widget-container\">\n\t\t\t<style>\/*! elementor - v3.17.0 - 25-10-2023 *\/\n.elementor-heading-title{padding:0;margin:0;line-height:1}.elementor-widget-heading .elementor-heading-title[class*=elementor-size-]>a{color:inherit;font-size:inherit;line-height:inherit}.elementor-widget-heading .elementor-heading-title.elementor-size-small{font-size:15px}.elementor-widget-heading .elementor-heading-title.elementor-size-medium{font-size:19px}.elementor-widget-heading .elementor-heading-title.elementor-size-large{font-size:29px}.elementor-widget-heading .elementor-heading-title.elementor-size-xl{font-size:39px}.elementor-widget-heading .elementor-heading-title.elementor-size-xxl{font-size:59px}<\/style><h1 class=\"elementor-heading-title elementor-size-default\">Datenschutzrichtlinie<\/h1>\t\t<\/div>\n\t\t\t\t<\/div>\n\t\t\t\t<div class=\"elementor-element elementor-element-338cec7 elementor-widget-divider--view-line elementor-widget elementor-widget-divider\" data-id=\"338cec7\" data-element_type=\"widget\" data-widget_type=\"divider.default\">\n\t\t\t\t<div class=\"elementor-widget-container\">\n\t\t\t<style>\/*! elementor - v3.17.0 - 25-10-2023 *\/\n.elementor-widget-divider{--divider-border-style:none;--divider-border-width:1px;--divider-color:#0c0d0e;--divider-icon-size:20px;--divider-element-spacing:10px;--divider-pattern-height:24px;--divider-pattern-size:20px;--divider-pattern-url:none;--divider-pattern-repeat:repeat-x}.elementor-widget-divider .elementor-divider{display:flex}.elementor-widget-divider .elementor-divider__text{font-size:15px;line-height:1;max-width:95%}.elementor-widget-divider .elementor-divider__element{margin:0 var(--divider-element-spacing);flex-shrink:0}.elementor-widget-divider .elementor-icon{font-size:var(--divider-icon-size)}.elementor-widget-divider .elementor-divider-separator{display:flex;margin:0;direction:ltr}.elementor-widget-divider--view-line_icon .elementor-divider-separator,.elementor-widget-divider--view-line_text .elementor-divider-separator{align-items:center}.elementor-widget-divider--view-line_icon .elementor-divider-separator:after,.elementor-widget-divider--view-line_icon .elementor-divider-separator:before,.elementor-widget-divider--view-line_text .elementor-divider-separator:after,.elementor-widget-divider--view-line_text .elementor-divider-separator:before{display:block;content:\"\";border-bottom:0;flex-grow:1;border-top:var(--divider-border-width) var(--divider-border-style) var(--divider-color)}.elementor-widget-divider--element-align-left .elementor-divider .elementor-divider-separator>.elementor-divider__svg:first-of-type{flex-grow:0;flex-shrink:100}.elementor-widget-divider--element-align-left .elementor-divider-separator:before{content:none}.elementor-widget-divider--element-align-left .elementor-divider__element{margin-left:0}.elementor-widget-divider--element-align-right .elementor-divider .elementor-divider-separator>.elementor-divider__svg:last-of-type{flex-grow:0;flex-shrink:100}.elementor-widget-divider--element-align-right .elementor-divider-separator:after{content:none}.elementor-widget-divider--element-align-right .elementor-divider__element{margin-right:0}.elementor-widget-divider:not(.elementor-widget-divider--view-line_text):not(.elementor-widget-divider--view-line_icon) .elementor-divider-separator{border-top:var(--divider-border-width) var(--divider-border-style) var(--divider-color)}.elementor-widget-divider--separator-type-pattern{--divider-border-style:none}.elementor-widget-divider--separator-type-pattern.elementor-widget-divider--view-line .elementor-divider-separator,.elementor-widget-divider--separator-type-pattern:not(.elementor-widget-divider--view-line) .elementor-divider-separator:after,.elementor-widget-divider--separator-type-pattern:not(.elementor-widget-divider--view-line) .elementor-divider-separator:before,.elementor-widget-divider--separator-type-pattern:not([class*=elementor-widget-divider--view]) .elementor-divider-separator{width:100%;min-height:var(--divider-pattern-height);-webkit-mask-size:var(--divider-pattern-size) 100%;mask-size:var(--divider-pattern-size) 100%;-webkit-mask-repeat:var(--divider-pattern-repeat);mask-repeat:var(--divider-pattern-repeat);background-color:var(--divider-color);-webkit-mask-image:var(--divider-pattern-url);mask-image:var(--divider-pattern-url)}.elementor-widget-divider--no-spacing{--divider-pattern-size:auto}.elementor-widget-divider--bg-round{--divider-pattern-repeat:round}.rtl .elementor-widget-divider .elementor-divider__text{direction:rtl}.e-con-inner>.elementor-widget-divider,.e-con>.elementor-widget-divider{width:var(--container-widget-width,100%);--flex-grow:var(--container-widget-flex-grow)}<\/style>\t\t<div class=\"elementor-divider\">\n\t\t\t<span class=\"elementor-divider-separator\">\n\t\t\t\t\t\t<\/span>\n\t\t<\/div>\n\t\t\t\t<\/div>\n\t\t\t\t<\/div>\n\t\t\t\t\t<\/div>\n\t\t<\/div>\n\t\t\t\t\t\t\t<\/div>\n\t\t<\/section>\n\t\t\t\t<section class=\"elementor-section elementor-top-section elementor-element elementor-element-53ae994 elementor-section-boxed elementor-section-height-default elementor-section-height-default\" data-id=\"53ae994\" data-element_type=\"section\">\n\t\t\t\t\t\t<div class=\"elementor-container elementor-column-gap-default\">\n\t\t\t\t\t<div class=\"elementor-column elementor-col-100 elementor-top-column elementor-element elementor-element-c8adf11\" data-id=\"c8adf11\" data-element_type=\"column\">\n\t\t\t<div class=\"elementor-widget-wrap elementor-element-populated\">\n\t\t\t\t\t\t\t\t<div class=\"elementor-element elementor-element-9169f9c elementor-widget elementor-widget-text-editor\" data-id=\"9169f9c\" data-element_type=\"widget\" data-widget_type=\"text-editor.default\">\n\t\t\t\t<div class=\"elementor-widget-container\">\n\t\t\t<style>\/*! elementor - v3.17.0 - 25-10-2023 *\/\n.elementor-widget-text-editor.elementor-drop-cap-view-stacked .elementor-drop-cap{background-color:#69727d;color:#fff}.elementor-widget-text-editor.elementor-drop-cap-view-framed .elementor-drop-cap{color:#69727d;border:3px solid;background-color:transparent}.elementor-widget-text-editor:not(.elementor-drop-cap-view-default) .elementor-drop-cap{margin-top:8px}.elementor-widget-text-editor:not(.elementor-drop-cap-view-default) .elementor-drop-cap-letter{width:1em;height:1em}.elementor-widget-text-editor .elementor-drop-cap{float:left;text-align:center;line-height:1;font-size:50px}.elementor-widget-text-editor .elementor-drop-cap-letter{display:inline-block}<\/style>\t\t\t\t<p>Letzte Aktualisierung: 8. Juni 2023<\/p>\n<p>Wir im Drei Berge Hotel Restaurant legen gro\u00dfen Wert auf die Vertraulichkeit und den Schutz der pers\u00f6nlichen Daten unserer G\u00e4ste und Besucher. Diese Datenschutzrichtlinie soll Sie dar\u00fcber informieren, wie wir Ihre personenbezogenen Daten in \u00dcbereinstimmung mit der Datenschutz-Grundverordnung (DSGVO) und den geltenden Schweizer Datenschutzgesetzen sammeln, verwenden und sch\u00fctzen. Bitte lesen Sie diese Richtlinie sorgf\u00e4ltig durch, bevor Sie uns Ihre pers\u00f6nlichen Daten zur Verf\u00fcgung stellen.<br \/>1 Sammeln von pers\u00f6nlichen Daten<\/p>\n<p>Wenn Sie unsere Website nutzen, sammeln wir bestimmte Arten von pers\u00f6nlichen Informationen \u00fcber Sie. Die von uns gesammelten personenbezogenen Daten k\u00f6nnen Folgendes umfassen, sind aber nicht darauf beschr\u00e4nkt:<br \/>&#8211; Ihr Name, Ihre E-Mail-Adresse, Ihre Telefonnummer und Ihre Postanschrift, wenn Sie eine Zimmerreservierung \u00fcber die Plattform Misterbooking.net vornehmen.<br \/>&#8211; Ihr Name, Ihre Telefonnummer und Ihre E-Mail-Adresse, wenn Sie eine Tischreservierung \u00fcber die Plattform zenchef.com vornehmen.<br \/>&#8211; Alle anderen Informationen, die Sie uns freiwillig \u00fcber Kontaktformulare oder andere Kommunikationsmittel zur Verf\u00fcgung stellen.<\/p>\n<p>2 Rechtsgrundlage f\u00fcr die Verarbeitung personenbezogener Daten<br \/>Wir verarbeiten Ihre personenbezogenen Daten auf der Grundlage der folgenden rechtlichen Grunds\u00e4tze:<br \/>&#8211; Erf\u00fcllung eines Vertrags: Wir verwenden Ihre pers\u00f6nlichen Daten, um Ihre Zimmer- und Tischreservierungen vorzunehmen und zu verwalten.<br \/>&#8211; Ihre Zustimmung: Wenn Sie Ihre Zustimmung gegeben haben, k\u00f6nnen wir Ihre pers\u00f6nlichen Daten verwenden, um Ihnen Informationen \u00fcber unsere Dienstleistungen, Werbeaktionen und Sonderangebote zu senden.<br \/>&#8211; Berechtigtes Interesse: Wir k\u00f6nnen Ihre personenbezogenen Daten verwenden, um Ihre Informations- und Supportanfragen zu beantworten und Ihre Erfahrung auf unserer Website zu personalisieren.<\/p>\n<p>3 Verwendung von pers\u00f6nlichen Daten<br \/>Wir verwenden die gesammelten personenbezogenen Daten f\u00fcr die folgenden Zwecke:<br \/>&#8211; Um Ihre Zimmer- und Tischreservierungen zu bearbeiten und zu verwalten.<br \/>&#8211; Um mit Ihnen in Kontakt zu treten und Ihre Anfragen nach Informationen und Unterst\u00fctzung zu beantworten.<br \/>&#8211; Um Ihre Erfahrung auf unserer Website zu personalisieren.<br \/>&#8211; Um Ihnen Informationen \u00fcber unsere Dienstleistungen, Werbeaktionen und Sonderangebote zu senden, wenn Sie Ihre Zustimmung zum Erhalt solcher Mitteilungen gegeben haben.<\/p>\n<p>4 Weitergabe von pers\u00f6nlichen Daten<br \/>Wir verkaufen, vermieten oder teilen Ihre pers\u00f6nlichen Daten nicht zu kommerziellen Zwecken mit Dritten, au\u00dfer in den folgenden F\u00e4llen:<br \/>&#8211; Wenn Sie eine Zimmerbuchung \u00fcber die Plattform Misterbooking.net vornehmen, k\u00f6nnen die f\u00fcr Ihre Buchung erforderlichen Informationen zum Zweck der Bearbeitung Ihrer Buchung an Misterbooking.net weitergegeben werden.<br \/>&#8211; Wenn Sie \u00fcber die Plattform zenchef.com eine Tischreservierung vornehmen, k\u00f6nnen die f\u00fcr Ihre Reservierung erforderlichen Informationen zum Zwecke der Bearbeitung Ihrer Reservierung an zenchef.com weitergegeben werden.<br \/>&#8211; Wenn wir gesetzlich dazu verpflichtet sind, um einer gerichtlichen Anordnung nachzukommen oder um unsere gesetzlichen Rechte zu sch\u00fctzen.<\/p>\n<p>5 Internationale Datentransfers<br \/>Ihre pers\u00f6nlichen Daten k\u00f6nnen in L\u00e4nder au\u00dferhalb des Europ\u00e4ischen Wirtschaftsraums (EWR), einschlie\u00dflich der USA, \u00fcbertragen und dort verarbeitet werden, wo die Datenschutzgesetze von denen Ihres Wohnsitzlandes abweichen k\u00f6nnen. In solchen F\u00e4llen stellen wir sicher, dass geeignete Ma\u00dfnahmen ergriffen werden, um ein angemessenes Schutzniveau f\u00fcr Ihre personenbezogenen Daten in \u00dcbereinstimmung mit den geltenden Datenschutzgesetzen zu gew\u00e4hrleisten.<\/p>\n<p>6 Datensicherheit<br \/>Wir ergreifen angemessene technische und organisatorische Ma\u00dfnahmen, um Ihre personenbezogenen Daten vor unbefugtem Zugriff, Verlust oder Offenlegung zu sch\u00fctzen. Dazu geh\u00f6rt die Verwendung von Sicherheitsprotokollen wie Datenverschl\u00fcsselung, Firewalls und Zugangskontrollen. Trotz unserer Bem\u00fchungen ist jedoch keine Methode der Daten\u00fcbertragung \u00fcber das Internet oder der elektronischen Speicherung vollkommen sicher. Daher k\u00f6nnen wir die absolute Sicherheit Ihrer Daten nicht garantieren.<br \/>7 Dauer der Speicherung von Daten<\/p>\n<p>Wir speichern Ihre personenbezogenen Daten so lange, wie es f\u00fcr die Zwecke, f\u00fcr die sie erhoben wurden, erforderlich ist, es sei denn, eine l\u00e4ngere Aufbewahrungsfrist ist gesetzlich vorgeschrieben oder zul\u00e4ssig.<\/p>\n<p>8 Ihre Rechte<br \/>Sie haben bestimmte Rechte in Bezug auf Ihre personenbezogenen Daten gem\u00e4\u00df den geltenden Datenschutzgesetzen. Diese Rechte k\u00f6nnen Folgendes umfassen:<br \/>&#8211; Das Recht, auf Ihre bei uns gespeicherten personenbezogenen Daten zuzugreifen.<br \/>&#8211; Das Recht auf Berichtigung unrichtiger oder unvollst\u00e4ndiger personenbezogener Daten.<br \/>&#8211; Das Recht, die L\u00f6schung Ihrer pers\u00f6nlichen Daten zu verlangen.<br \/>&#8211; Das Recht, die Verarbeitung Ihrer personenbezogenen Daten einzuschr\u00e4nken oder sich ihr zu widersetzen.<br \/>&#8211; Das Recht, Ihre Einwilligung jederzeit zu widerrufen, wenn die Verarbeitung Ihrer personenbezogenen Daten auf Ihrer Einwilligung beruht.<br \/>Um Ihre Rechte auszu\u00fcben oder bei Fragen oder Bedenken bez\u00fcglich des Schutzes Ihrer personenbezogenen Daten, kontaktieren Sie uns bitte \u00fcber die unten angegebenen Kontaktdaten.<\/p>\n<p>9 Cookies und Tracking-Technologien<br \/>Wir verwenden auf unserer Website Cookies und andere Tracking-Technologien, um Ihre Online-Erfahrung zu verbessern, Trends zu analysieren, die Website zu verwalten und demografische Informationen \u00fcber unsere Nutzer insgesamt zu sammeln. Sie k\u00f6nnen Ihre Cookie-Einstellungen \u00fcber die Einstellungen Ihres Browsers konfigurieren. Bitte lesen Sie unsere Cookie-Richtlinie f\u00fcr weitere Informationen.<\/p>\n<p>10 \u00c4nderungen der Datenschutzrichtlinie<br \/>Wir behalten uns das Recht vor, diese Datenschutzrichtlinie jederzeit in \u00dcbereinstimmung mit den geltenden Datenschutzgesetzen zu \u00e4ndern. Alle \u00c4nderungen werden auf dieser Seite mit dem neuen Aktualisierungsdatum angezeigt. Wir empfehlen Ihnen, diese Richtlinie regelm\u00e4\u00dfig zu \u00fcberpr\u00fcfen, um \u00fcber die Ma\u00dfnahmen, die wir zum Schutz Ihrer pers\u00f6nlichen Daten ergreifen, auf dem Laufenden zu bleiben.<\/p>\n<p>11 Kontakt zu uns<br \/>Wenn Sie Fragen, Bedenken oder Kommentare zu dieser Datenschutzrichtlinie haben oder Ihre Rechte aus\u00fcben m\u00f6chten, kontaktieren Sie uns bitte unter der folgenden Adresse:<\/p>\n<p>Drei Berge Hotel Lus 1050A, 3825 M\u00fcrren, Schweiz<br \/>E-Mail: contact@dreibergehotel.ch<br \/>Telefon: +41 33 855 14 01<\/p>\n<p>Durch die Nutzung unserer Website erkl\u00e4ren Sie sich mit den Bedingungen einverstanden, die in dieser Datenschutzrichtlinie dargelegt sind.<\/p>\n\t\t\t\t\t\t<\/div>\n\t\t\t\t<\/div>\n\t\t\t\t\t<\/div>\n\t\t<\/div>\n\t\t\t\t\t\t\t<\/div>\n\t\t<\/section>\n\t\t\t\t\t\t\t<\/div>\n\t\t","protected":false},"excerpt":{"rendered":"<p>Datenschutzrichtlinie Letzte Aktualisierung: 8. Juni 2023 Wir im Drei Berge Hotel Restaurant legen gro\u00dfen Wert auf die Vertraulichkeit und den Schutz der pers\u00f6nlichen Daten unserer G\u00e4ste und Besucher. Diese Datenschutzrichtlinie soll Sie dar\u00fcber informieren, wie wir Ihre personenbezogenen Daten in \u00dcbereinstimmung mit der Datenschutz-Grundverordnung (DSGVO) und den geltenden Schweizer Datenschutzgesetzen sammeln, verwenden und sch\u00fctzen. Bitte [&hellip;]<\/p>\n","protected":false},"author":1,"featured_media":0,"parent":0,"menu_order":0,"comment_status":"closed","ping_status":"closed","template":"","meta":{"_acf_changed":false,"footnotes":""},"acf":[],"_links":{"self":[{"href":"https:\/\/dreibergehotel.ch\/de\/wp-json\/wp\/v2\/pages\/1669"}],"collection":[{"href":"https:\/\/dreibergehotel.ch\/de\/wp-json\/wp\/v2\/pages"}],"about":[{"href":"https:\/\/dreibergehotel.ch\/de\/wp-json\/wp\/v2\/types\/page"}],"author":[{"embeddable":true,"href":"https:\/\/dreibergehotel.ch\/de\/wp-json\/wp\/v2\/users\/1"}],"replies":[{"embeddable":true,"href":"https:\/\/dreibergehotel.ch\/de\/wp-json\/wp\/v2\/comments?post=1669"}],"version-history":[{"count":2,"href":"https:\/\/dreibergehotel.ch\/de\/wp-json\/wp\/v2\/pages\/1669\/revisions"}],"predecessor-version":[{"id":4621,"href":"https:\/\/dreibergehotel.ch\/de\/wp-json\/wp\/v2\/pages\/1669\/revisions\/4621"}],"wp:attachment":[{"href":"https:\/\/dreibergehotel.ch\/de\/wp-json\/wp\/v2\/media?parent=1669"}],"curies":[{"name":"wp","href":"https:\/\/api.w.org\/{rel}","templated":true}]}}